{"id":3,"date":"2019-09-25T01:49:28","date_gmt":"2019-09-24T23:49:28","guid":{"rendered":"http:\/\/lartzoomeur.com\/bijoux\/?page_id=3"},"modified":"2020-01-19T23:03:05","modified_gmt":"2020-01-20T04:03:05","slug":"politique-de-confidentialite","status":"publish","type":"page","link":"https:\/\/canadianartworks.com\/fr\/politique-de-confidentialite\/","title":{"rendered":"Politique de confidentialit\u00e9"},"content":{"rendered":"<p>Qui sommes-nous ?<br \/>\nL\u2019adresse de notre site Web est : https:\/\/canadianartworks.com<\/p>\n<p>Collecte de l\u2019information<br \/>\nNous recueillons des informations lorsque vous vous inscrivez sur notre site, lorsque vous vous connectez \u00e0 votre compte, faites un achat et\/ou lorsque vous vous d\u00e9connectez. Les informations recueillies incluent votre nom, votre adresse, votre adresse e-mail et num\u00e9ro de t\u00e9l\u00e9phone.<\/p>\n<p>En outre, nous recevons et enregistrons automatiquement des informations \u00e0 partir de votre ordinateur et navigateur, y compris votre adresse IP, vos logiciels, votre mat\u00e9riel et la page que vous demandez.<\/p>\n<p>Confidentialit\u00e9 du commerce en ligne<br \/>\nNous sommes les seuls propri\u00e9taires des informations recueillies sur ce site. Vos informations personnelles ne seront pas vendues, \u00e9chang\u00e9es, transf\u00e9r\u00e9es ou donn\u00e9es \u00e0 une autre soci\u00e9t\u00e9 pour n\u2019importe quelle raison sans votre consentement, en dehors de ce qui est n\u00e9cessaire pour r\u00e9pondre \u00e0 une demande et\/ou \u00e0 une transaction comme, par exemple, pour exp\u00e9dier une commande. Nous utilisons l\u2019adresse e-mail que vous fournissez pour vous envoyer des informations et mises \u00e0 jour relatives \u00e0 votre commande. Les paiements se font par le syst\u00e8me \u201cPaypal\u201d qui est ext\u00e9rieur \u00e0 notre site web, donc aucune information de carte de cr\u00e9dit ne peut \u00eatre stock\u00e9e sur notre site Web. Si un client n\u2019a pas achet\u00e9 d\u2019autre article sur notre site pendant un d\u00e9lai trop long, toutes les infos le concernant seront effac\u00e9es de notre site web.<\/p>\n<p>Divulgation \u00e0 des tiers<br \/>\nNous ne vendons ni n\u2019\u00e9changeons et nous ne transf\u00e9rons pas vos informations personnelles identifiables \u00e0 des tiers. Cela ne comprend pas les tierces parties de confiance qui nous aident \u00e0 exploiter notre site Web ou \u00e0 mener nos affaires, tant que ces parties conviennent de garder ces informations confidentielles.<\/p>\n<p>Nous pensons qu\u2019il est n\u00e9cessaire de partager des informations afin d\u2019enqu\u00eater, de pr\u00e9venir ou de prendre des mesures concernant des activit\u00e9s ill\u00e9gales, fraudes pr\u00e9sum\u00e9es, situations impliquant des menaces potentielles \u00e0 la s\u00e9curit\u00e9 physique de toute personne, violations de nos conditions d\u2019utilisation ou quand la loi nous y contraint.<\/p>\n<p>Protection des informations<br \/>\nSeuls les employ\u00e9s qui ont besoin d\u2019effectuer un travail sp\u00e9cifique (par exemple, la facturation ou le service \u00e0 la client\u00e8le) ont acc\u00e8s aux informations personnelles identifiables.<\/p>\n<p>Suppression des informations d\u2019un client<br \/>\nSi vous d\u00e9sirez que vos informations (donn\u00e9es) clients soient export\u00e9es ou soient d\u00e9finitivement effac\u00e9es de notre site Web, vous pouvez \u00e9crire \u00e0 info@arttotalmultimedia.com et nous retirerons toutes les infos vous concernant dans un d\u00e9lai tr\u00e8s rapide.<\/p>\n<p>Est-ce que nous utilisons des cookies ?<br \/>\nOui, des cookies peuvent \u00eatre utilis\u00e9s sur notre site pour l\u2019analyse du passage et de l\u2019affluence des visiteurs sur notre site. Cependant, cette utilisation des cookies n\u2019est, en aucune fa\u00e7on, li\u00e9e \u00e0 des informations personnelles identifiables sur notre site.<\/p>\n<p>Consentement<br \/>\nEn utilisant notre site, vous consentez \u00e0 notre politique de confidentialit\u00e9.<\/p>","protected":false},"excerpt":{"rendered":"<p>&#8230;<\/p>","protected":false},"author":1,"featured_media":0,"parent":0,"menu_order":0,"comment_status":"closed","ping_status":"open","template":"","meta":{"footnotes":""},"class_list":["post-3","page","type-page","status-publish","hentry"],"_links":{"self":[{"href":"https:\/\/canadianartworks.com\/fr\/wp-json\/wp\/v2\/pages\/3","targetHints":{"allow":["GET"]}}],"collection":[{"href":"https:\/\/canadianartworks.com\/fr\/wp-json\/wp\/v2\/pages"}],"about":[{"href":"https:\/\/canadianartworks.com\/fr\/wp-json\/wp\/v2\/types\/page"}],"author":[{"embeddable":true,"href":"https:\/\/canadianartworks.com\/fr\/wp-json\/wp\/v2\/users\/1"}],"replies":[{"embeddable":true,"href":"https:\/\/canadianartworks.com\/fr\/wp-json\/wp\/v2\/comments?post=3"}],"version-history":[{"count":3,"href":"https:\/\/canadianartworks.com\/fr\/wp-json\/wp\/v2\/pages\/3\/revisions"}],"predecessor-version":[{"id":6759,"href":"https:\/\/canadianartworks.com\/fr\/wp-json\/wp\/v2\/pages\/3\/revisions\/6759"}],"wp:attachment":[{"href":"https:\/\/canadianartworks.com\/fr\/wp-json\/wp\/v2\/media?parent=3"}],"curies":[{"name":"wp","href":"https:\/\/api.w.org\/{rel}","templated":true}]}}