{"id":6519,"date":"2020-01-14T16:01:37","date_gmt":"2020-01-14T21:01:37","guid":{"rendered":"https:\/\/canadianartworks.com\/?page_id=6519"},"modified":"2020-01-14T18:35:35","modified_gmt":"2020-01-14T23:35:35","slug":"hermine-sculptures","status":"publish","type":"page","link":"https:\/\/canadianartworks.com\/fr\/hermine-sculptures\/","title":{"rendered":"Hermine&#8217;s sculptures"},"content":{"rendered":"<div class=\"vc_row wpb_row vc_row-fluid et_custom_uniqid_69f3735062a23 mpc-row\"><div class=\"wpb_column vc_column_container vc_col-sm-6 et_custom_uniqid_69f37350629de mpc-column\" data-column-id=\"mpc_column-8469f373532ad3b\"><div class=\"vc_column-inner\"><div class=\"wpb_wrapper\">\n\t\t<div class=\"title-479 title line-through-short text-center\">\n\t\t\t<h2 class=\"banner-title\">Hermine<\/h2><h2 class=\"banner-subtitle\">Approche artistique<\/h2>\n\t\t<\/div>\n\n\t\t<div class=\"vc_empty_space\" style=\"height: 32px\"><span class=\"vc_empty_space_inner\"><\/span><\/div>\n\t<div class=\"wpb_text_column wpb_content_element\">\n\t\t<div class=\"wpb_wrapper\">\n\t\t\t<p class=\"p1\" style=\"text-align: justify;\"><span class=\"s1\"> Tr\u00e8s t\u00f4t dans son enfance, l\u2019artiste \u00e9tait fascin\u00e9e par les appareils photographiques, la transparence des ac\u00e9tates de couleurs, les d\u00e9grad\u00e9s de couleurs, la forme de objets, les illustrations, etc. Sans le savoir, elle suivait sa qu\u00eate de compr\u00e9hension de l\u2019espace et de ses agencements. En \u00e9tudiant l\u2019am\u00e9nagement int\u00e9rieur, les arts plastiques et la communication graphique, l\u2019artiste s\u2019est donn\u00e9 la chance d\u2019approfondir ses observations \u00e0 travers la mise en place dans l\u2019espace r\u00e9el.<br>\n<\/span><\/p>\n<p class=\"p1\" style=\"text-align: justify;\"><span class=\"s1\"> Par la sculpture, Hermine d\u00e9finit l\u2019insaisissable vitalit\u00e9 qui l\u2019entoure. Elle est un t\u00e9moin de l\u2019existence de l\u2019impalpable sentiment de vivre. L\u2019interaction avec les \u00e9motions, la neutralit\u00e9 face \u00e0 cette puissance empathique, la rencontre avec la souffrance et l\u2019inqui\u00e9tude sont d\u2019autant de dimensions v\u00e9hicul\u00e9es dans son travail artistique. En sculpture, elle n\u2019h\u00e9site pas \u00e0 aracher, amputer, fractionner, d\u00e9raciner la mati\u00e8re qui prend forme sous ses yeux. Elle laisse courir ses doigts sur les arr\u00eates, g\u00e9om\u00e9trisant les formes. En peinture, la structure varie et se fusionne au sujet ou \u00e0 l\u2019\u00e9motion qui \u00e9merge de la fluidit\u00e9 des transparences des couleurs et des d\u00e9grad\u00e9s. En photographie, Hermine cherche \u00e0 imager, \u00e0 transf\u00e9rer, \u00e0 mat\u00e9rialiser sa sensibilit\u00e9. <\/span><\/p>\n<p class=\"p1\" style=\"text-align: justify;\"><span class=\"s1\"> Sa sensibilit\u00e9 d\u2019artiste prend vie et se combine \u00e0 celle des autres. Elle tente d\u2019inspirer le public avec la conviction profonde que l\u2019art apporte \u00e9nergie et paix \u00e0 travers couleurs, formes et textures. <\/span><\/p>\n\n\t\t<\/div>\n\t<\/div>\n<\/div><\/div><\/div><div class=\"wpb_column vc_column_container vc_col-sm-6 et_custom_uniqid_69f37350629de mpc-column\" data-column-id=\"mpc_column-1769f373532c0f7\"><div class=\"vc_column-inner\"><div class=\"wpb_wrapper\"><div class=\"wpb_gallery wpb_content_element vc_clearfix\"><div class=\"wpb_wrapper\"><div class=\"wpb_gallery_slides wpb_flexslider flexslider_fade flexslider\" data-interval=\"3\" data-flex_fx=\"fade\"><ul class=\"slides\"><li><a class=\"\" href=\"https:\/\/canadianartworks.com\/wp-content\/uploads\/2020\/01\/FC2FE99C-7C19-4AB4-921B-90AB314145C6-1024x867.jpeg\" data-lightbox=\"lightbox[rel-6519-85058979]\"><img decoding=\"async\" width=\"300\" height=\"254\" src=\"https:\/\/canadianartworks.com\/wp-content\/uploads\/2020\/01\/FC2FE99C-7C19-4AB4-921B-90AB314145C6-300x254.jpeg\" class=\"attachment-medium\" alt=\"Hermine\" srcset=\"https:\/\/canadianartworks.com\/wp-content\/uploads\/2020\/01\/FC2FE99C-7C19-4AB4-921B-90AB314145C6-300x254.jpeg 300w, https:\/\/canadianartworks.com\/wp-content\/uploads\/2020\/01\/FC2FE99C-7C19-4AB4-921B-90AB314145C6-1024x867.jpeg 1024w, https:\/\/canadianartworks.com\/wp-content\/uploads\/2020\/01\/FC2FE99C-7C19-4AB4-921B-90AB314145C6-768x650.jpeg 768w, https:\/\/canadianartworks.com\/wp-content\/uploads\/2020\/01\/FC2FE99C-7C19-4AB4-921B-90AB314145C6-1536x1300.jpeg 1536w, https:\/\/canadianartworks.com\/wp-content\/uploads\/2020\/01\/FC2FE99C-7C19-4AB4-921B-90AB314145C6-1x1.jpeg 1w, https:\/\/canadianartworks.com\/wp-content\/uploads\/2020\/01\/FC2FE99C-7C19-4AB4-921B-90AB314145C6-10x8.jpeg 10w, https:\/\/canadianartworks.com\/wp-content\/uploads\/2020\/01\/FC2FE99C-7C19-4AB4-921B-90AB314145C6-400x339.jpeg 400w, https:\/\/canadianartworks.com\/wp-content\/uploads\/2020\/01\/FC2FE99C-7C19-4AB4-921B-90AB314145C6.jpeg 1600w\" sizes=\"(max-width: 300px) 100vw, 300px\"><\/a><\/li><li><a class=\"\" href=\"https:\/\/canadianartworks.com\/wp-content\/uploads\/2020\/01\/6CF3120B-E675-4980-A6C3-9CEB73064F49-857x1024.jpeg\" data-lightbox=\"lightbox[rel-6519-85058979]\"><img decoding=\"async\" width=\"251\" height=\"300\" src=\"https:\/\/canadianartworks.com\/wp-content\/uploads\/2020\/01\/6CF3120B-E675-4980-A6C3-9CEB73064F49-251x300.jpeg\" class=\"attachment-medium\" alt=\"Hermine\" srcset=\"https:\/\/canadianartworks.com\/wp-content\/uploads\/2020\/01\/6CF3120B-E675-4980-A6C3-9CEB73064F49-251x300.jpeg 251w, https:\/\/canadianartworks.com\/wp-content\/uploads\/2020\/01\/6CF3120B-E675-4980-A6C3-9CEB73064F49-857x1024.jpeg 857w, https:\/\/canadianartworks.com\/wp-content\/uploads\/2020\/01\/6CF3120B-E675-4980-A6C3-9CEB73064F49-768x917.jpeg 768w, https:\/\/canadianartworks.com\/wp-content\/uploads\/2020\/01\/6CF3120B-E675-4980-A6C3-9CEB73064F49-1286x1536.jpeg 1286w, https:\/\/canadianartworks.com\/wp-content\/uploads\/2020\/01\/6CF3120B-E675-4980-A6C3-9CEB73064F49-1x1.jpeg 1w, https:\/\/canadianartworks.com\/wp-content\/uploads\/2020\/01\/6CF3120B-E675-4980-A6C3-9CEB73064F49-8x10.jpeg 8w, https:\/\/canadianartworks.com\/wp-content\/uploads\/2020\/01\/6CF3120B-E675-4980-A6C3-9CEB73064F49-400x478.jpeg 400w, https:\/\/canadianartworks.com\/wp-content\/uploads\/2020\/01\/6CF3120B-E675-4980-A6C3-9CEB73064F49.jpeg 1600w\" sizes=\"(max-width: 251px) 100vw, 251px\"><\/a><\/li><li><a class=\"\" href=\"https:\/\/canadianartworks.com\/wp-content\/uploads\/2020\/01\/5CF9D12E-663D-4717-9755-D3D7D017F310-742x1024.jpeg\" data-lightbox=\"lightbox[rel-6519-85058979]\"><img decoding=\"async\" width=\"217\" height=\"300\" src=\"https:\/\/canadianartworks.com\/wp-content\/uploads\/2020\/01\/5CF9D12E-663D-4717-9755-D3D7D017F310-217x300.jpeg\" class=\"attachment-medium\" alt=\"Hermine\" srcset=\"https:\/\/canadianartworks.com\/wp-content\/uploads\/2020\/01\/5CF9D12E-663D-4717-9755-D3D7D017F310-217x300.jpeg 217w, https:\/\/canadianartworks.com\/wp-content\/uploads\/2020\/01\/5CF9D12E-663D-4717-9755-D3D7D017F310-742x1024.jpeg 742w, https:\/\/canadianartworks.com\/wp-content\/uploads\/2020\/01\/5CF9D12E-663D-4717-9755-D3D7D017F310-768x1060.jpeg 768w, https:\/\/canadianartworks.com\/wp-content\/uploads\/2020\/01\/5CF9D12E-663D-4717-9755-D3D7D017F310-1113x1536.jpeg 1113w, https:\/\/canadianartworks.com\/wp-content\/uploads\/2020\/01\/5CF9D12E-663D-4717-9755-D3D7D017F310-1483x2048.jpeg 1483w, https:\/\/canadianartworks.com\/wp-content\/uploads\/2020\/01\/5CF9D12E-663D-4717-9755-D3D7D017F310-1x1.jpeg 1w, https:\/\/canadianartworks.com\/wp-content\/uploads\/2020\/01\/5CF9D12E-663D-4717-9755-D3D7D017F310-7x10.jpeg 7w, https:\/\/canadianartworks.com\/wp-content\/uploads\/2020\/01\/5CF9D12E-663D-4717-9755-D3D7D017F310-400x552.jpeg 400w, https:\/\/canadianartworks.com\/wp-content\/uploads\/2020\/01\/5CF9D12E-663D-4717-9755-D3D7D017F310.jpeg 1600w\" sizes=\"(max-width: 217px) 100vw, 217px\"><\/a><\/li><li><a class=\"\" href=\"https:\/\/canadianartworks.com\/wp-content\/uploads\/2020\/01\/C489B0CD-0D52-4C79-B3E1-68A00E4A0A4E-815x1024.jpeg\" data-lightbox=\"lightbox[rel-6519-85058979]\"><img decoding=\"async\" width=\"239\" height=\"300\" src=\"https:\/\/canadianartworks.com\/wp-content\/uploads\/2020\/01\/C489B0CD-0D52-4C79-B3E1-68A00E4A0A4E-239x300.jpeg\" class=\"attachment-medium\" alt=\"Hermine\" srcset=\"https:\/\/canadianartworks.com\/wp-content\/uploads\/2020\/01\/C489B0CD-0D52-4C79-B3E1-68A00E4A0A4E-239x300.jpeg 239w, https:\/\/canadianartworks.com\/wp-content\/uploads\/2020\/01\/C489B0CD-0D52-4C79-B3E1-68A00E4A0A4E-815x1024.jpeg 815w, https:\/\/canadianartworks.com\/wp-content\/uploads\/2020\/01\/C489B0CD-0D52-4C79-B3E1-68A00E4A0A4E-768x965.jpeg 768w, https:\/\/canadianartworks.com\/wp-content\/uploads\/2020\/01\/C489B0CD-0D52-4C79-B3E1-68A00E4A0A4E-1223x1536.jpeg 1223w, https:\/\/canadianartworks.com\/wp-content\/uploads\/2020\/01\/C489B0CD-0D52-4C79-B3E1-68A00E4A0A4E-1x1.jpeg 1w, https:\/\/canadianartworks.com\/wp-content\/uploads\/2020\/01\/C489B0CD-0D52-4C79-B3E1-68A00E4A0A4E-8x10.jpeg 8w, https:\/\/canadianartworks.com\/wp-content\/uploads\/2020\/01\/C489B0CD-0D52-4C79-B3E1-68A00E4A0A4E-400x503.jpeg 400w, https:\/\/canadianartworks.com\/wp-content\/uploads\/2020\/01\/C489B0CD-0D52-4C79-B3E1-68A00E4A0A4E.jpeg 1600w\" sizes=\"(max-width: 239px) 100vw, 239px\"><\/a><\/li><\/ul><\/div><\/div><\/div><\/div><\/div><\/div><\/div><div class=\"vc_row wpb_row vc_row-fluid et_custom_uniqid_69f3735062a23 mpc-row\"><div class=\"wpb_column vc_column_container vc_col-sm-12 et_custom_uniqid_69f37350629de mpc-column\" data-column-id=\"mpc_column-3569f3735342148\"><div class=\"vc_column-inner\"><div class=\"wpb_wrapper\">\n\t<div class=\"wpb_text_column wpb_content_element\">\n\t\t<div class=\"wpb_wrapper\">\n\t\t\t<p><strong>Ses sculptures disponibles dans la boutique<\/strong><\/p>\n\n\t\t<\/div>\n\t<\/div>\n<div class=\"woocommerce columns-4\">        <link rel=\"stylesheet\" href=\"https:\/\/canadianartworks.com\/wp-content\/themes\/xstore\/css\/modules\/woocommerce\/archive.min.css?ver=1.0\" type=\"text\/css\" media=\"all\"> \t\t        <link rel=\"stylesheet\" href=\"https:\/\/canadianartworks.com\/wp-content\/themes\/xstore\/css\/modules\/woocommerce\/product-hovers\/product-view-default.min.css?ver=1.0\" type=\"text\/css\" media=\"all\"> \t\t<div class=\"row products products-loop products-grid row-count-4\" data-row-count=\"4\">\n\n \t<div class=\"first grid-sizer wishlist-disabled col-md-3 col-sm-6 col-xs-6 product-hover-slider product-view-default view-color-white arrows-hovered et_cart-on product type-product post-7141 status-publish instock product_cat-all product_cat-hermine product_cat-sculptures product_tag-hermine has-post-thumbnail taxable shipping-taxable purchasable product-type-simple\">\n        \t\t<div class=\"content-product\">\n\t\t\t\n\t\t\t\n\t\t\t\t<div class=\"product-image-wrapper hover-effect-slider\">\n\n\t\t\t\t\t\t\t\t\t\t<p class=\"stock in-stock\" data-no-translation=\"\" data-trp-gettext=\"\">1 en inventaire<\/p><div class=\"images-slider-wrapper\">                        <a class=\"product-content-image woocommerce-LoopProduct-link woocommerce-loop-product__link\" href=\"https:\/\/canadianartworks.com\/fr\/produit\/aimee\/\" data-images=\"https:\/\/canadianartworks.com\/wp-content\/uploads\/2020\/02\/aimee-8-300x300.jpg;https:\/\/canadianartworks.com\/wp-content\/uploads\/2020\/02\/aimee-2-300x300.jpg;https:\/\/canadianartworks.com\/wp-content\/uploads\/2020\/02\/aimee-3-300x300.jpg;https:\/\/canadianartworks.com\/wp-content\/uploads\/2020\/02\/aimee-4-300x300.jpg;https:\/\/canadianartworks.com\/wp-content\/uploads\/2020\/02\/aimee-5-300x300.jpg;https:\/\/canadianartworks.com\/wp-content\/uploads\/2020\/02\/aimee-6-300x300.jpg;https:\/\/canadianartworks.com\/wp-content\/uploads\/2020\/02\/aimee-7-300x300.jpg;https:\/\/canadianartworks.com\/wp-content\/uploads\/2020\/02\/aimee-300x300.jpg\">\n                            <img decoding=\"async\" width=\"300\" height=\"300\" src=\"https:\/\/canadianartworks.com\/wp-content\/uploads\/2020\/02\/aimee-8-300x300.jpg\" class=\"attachment-woocommerce_thumbnail size-woocommerce_thumbnail\" alt=\"Aim&eacute;e\" srcset=\"https:\/\/canadianartworks.com\/wp-content\/uploads\/2020\/02\/aimee-8-300x300.jpg 300w, https:\/\/canadianartworks.com\/wp-content\/uploads\/2020\/02\/aimee-8-150x150.jpg 150w, https:\/\/canadianartworks.com\/wp-content\/uploads\/2020\/02\/aimee-8-1x1.jpg 1w, https:\/\/canadianartworks.com\/wp-content\/uploads\/2020\/02\/aimee-8-600x600.jpg 600w, https:\/\/canadianartworks.com\/wp-content\/uploads\/2020\/02\/aimee-8-100x100.jpg 100w\" sizes=\"(max-width: 300px) 100vw, 300px\">                        <\/a>\n\t\t\t\t\t<\/div>\t\t\t\t\t\t<footer class=\"footer-product\">\n                                                        \t\t\t\t\t\t<\/footer>\n\t\t\t\t\t\t\t\t\t<\/div>\n\n\t\t\t\t\n\t\t\t\t\t<div class=\"text-center product-details\">\t\t\t\t\t\t\t<h2 class=\"product-title\">\n\t\t\t\t\t\t\t\t<a href=\"https:\/\/canadianartworks.com\/fr\/produit\/aimee\/\">Aim&eacute;e<\/a>\n                            <\/h2>\n\t\t\t\t\t\t\n\t<span class=\"price\"><span class=\"woocommerce-Price-amount amount\"><bdi><span class=\"woocommerce-Price-currencySymbol\">$<\/span>4,000.00<\/bdi><\/span><\/span>\n\n\t\t\t\t\t\t\t<span id=\"woocommerce_loop_add_to_cart_link_describedby_7141\" class=\"screen-reader-text\">\n\t\t\t<\/span>\n\n                        \n                                        <\/div>\n\t\t\t\t\t\t\t\t\t         \t\t<\/div><!-- .content-product -->\n\t<\/div>\n\n \t<div class=\"wishlist-disabled col-md-3 col-sm-6 col-xs-6 product-hover-slider product-view-default view-color-white arrows-hovered et_cart-on product type-product post-7150 status-publish last instock product_cat-all product_cat-hermine product_cat-sculptures product_tag-hermine has-post-thumbnail taxable shipping-taxable purchasable product-type-simple\">\n        \t\t<div class=\"content-product\">\n\t\t\t\n\t\t\t\n\t\t\t\t<div class=\"product-image-wrapper hover-effect-slider\">\n\n\t\t\t\t\t\t\t\t\t\t<p class=\"stock in-stock\" data-no-translation=\"\" data-trp-gettext=\"\">1 en inventaire<\/p><div class=\"images-slider-wrapper\">                        <a class=\"product-content-image woocommerce-LoopProduct-link woocommerce-loop-product__link\" href=\"https:\/\/canadianartworks.com\/fr\/produit\/elodie\/\" data-images=\"https:\/\/canadianartworks.com\/wp-content\/uploads\/2020\/02\/elodie-5-300x300.jpg;https:\/\/canadianartworks.com\/wp-content\/uploads\/2020\/02\/elodie-2-300x300.jpg;https:\/\/canadianartworks.com\/wp-content\/uploads\/2020\/02\/elodie-3-300x300.jpg;https:\/\/canadianartworks.com\/wp-content\/uploads\/2020\/02\/elodie-4-300x300.jpg;https:\/\/canadianartworks.com\/wp-content\/uploads\/2020\/02\/elodie-6-300x300.jpg;https:\/\/canadianartworks.com\/wp-content\/uploads\/2020\/02\/elodie-7-300x300.jpg;https:\/\/canadianartworks.com\/wp-content\/uploads\/2020\/02\/elodie-300x300.jpg\">\n                            <img decoding=\"async\" width=\"300\" height=\"300\" src=\"https:\/\/canadianartworks.com\/wp-content\/uploads\/2020\/02\/elodie-5-300x300.jpg\" class=\"attachment-woocommerce_thumbnail size-woocommerce_thumbnail\" alt=\"&Eacute;lodie\" srcset=\"https:\/\/canadianartworks.com\/wp-content\/uploads\/2020\/02\/elodie-5-300x300.jpg 300w, https:\/\/canadianartworks.com\/wp-content\/uploads\/2020\/02\/elodie-5-150x150.jpg 150w, https:\/\/canadianartworks.com\/wp-content\/uploads\/2020\/02\/elodie-5-1x1.jpg 1w, https:\/\/canadianartworks.com\/wp-content\/uploads\/2020\/02\/elodie-5-600x600.jpg 600w, https:\/\/canadianartworks.com\/wp-content\/uploads\/2020\/02\/elodie-5-100x100.jpg 100w\" sizes=\"(max-width: 300px) 100vw, 300px\">                        <\/a>\n\t\t\t\t\t<\/div>\t\t\t\t\t\t<footer class=\"footer-product\">\n                                                        \t\t\t\t\t\t<\/footer>\n\t\t\t\t\t\t\t\t\t<\/div>\n\n\t\t\t\t\n\t\t\t\t\t<div class=\"text-center product-details\">\t\t\t\t\t\t\t<h2 class=\"product-title\">\n\t\t\t\t\t\t\t\t<a href=\"https:\/\/canadianartworks.com\/fr\/produit\/elodie\/\">&Eacute;lodie<\/a>\n                            <\/h2>\n\t\t\t\t\t\t\n\t<span class=\"price\"><span class=\"woocommerce-Price-amount amount\"><bdi><span class=\"woocommerce-Price-currencySymbol\">$<\/span>3,000.00<\/bdi><\/span><\/span>\n\n\t\t\t\t\t\t\t<span id=\"woocommerce_loop_add_to_cart_link_describedby_7150\" class=\"screen-reader-text\">\n\t\t\t<\/span>\n\n                        \n                                        <\/div>\n\t\t\t\t\t\t\t\t\t         \t\t<\/div><!-- .content-product -->\n\t<\/div>\n\n \t<div class=\"first grid-sizer wishlist-disabled col-md-3 col-sm-6 col-xs-6 product-hover-slider product-view-default view-color-white arrows-hovered et_cart-on product type-product post-7182 status-publish instock product_cat-all product_cat-hermine product_cat-sculptures product_tag-hermine has-post-thumbnail taxable shipping-taxable purchasable product-type-simple\">\n        \t\t<div class=\"content-product\">\n\t\t\t\n\t\t\t\n\t\t\t\t<div class=\"product-image-wrapper hover-effect-slider\">\n\n\t\t\t\t\t\t\t\t\t\t<p class=\"stock in-stock\" data-no-translation=\"\" data-trp-gettext=\"\">1 en inventaire<\/p><div class=\"images-slider-wrapper\">                        <a class=\"product-content-image woocommerce-LoopProduct-link woocommerce-loop-product__link\" href=\"https:\/\/canadianartworks.com\/fr\/produit\/leveil-4-8\/\" data-images=\"https:\/\/canadianartworks.com\/wp-content\/uploads\/2020\/02\/l_eveil_4-300x300.jpg;https:\/\/canadianartworks.com\/wp-content\/uploads\/2020\/02\/l_eveil_2-300x300.jpg;https:\/\/canadianartworks.com\/wp-content\/uploads\/2020\/02\/l_eveil_3-300x300.jpg;https:\/\/canadianartworks.com\/wp-content\/uploads\/2020\/02\/l_eveil_5-300x300.jpg;https:\/\/canadianartworks.com\/wp-content\/uploads\/2020\/02\/l_eveil_6-300x300.jpg;https:\/\/canadianartworks.com\/wp-content\/uploads\/2020\/02\/l_eveil_7-300x300.jpg;https:\/\/canadianartworks.com\/wp-content\/uploads\/2020\/02\/l_eveil-300x300.jpg\">\n                            <img decoding=\"async\" width=\"300\" height=\"300\" src=\"https:\/\/canadianartworks.com\/wp-content\/uploads\/2020\/02\/l_eveil_4-300x300.jpg\" class=\"attachment-woocommerce_thumbnail size-woocommerce_thumbnail\" alt=\"L&rsquo;&eacute;veil\" srcset=\"https:\/\/canadianartworks.com\/wp-content\/uploads\/2020\/02\/l_eveil_4-300x300.jpg 300w, https:\/\/canadianartworks.com\/wp-content\/uploads\/2020\/02\/l_eveil_4-150x150.jpg 150w, https:\/\/canadianartworks.com\/wp-content\/uploads\/2020\/02\/l_eveil_4-1x1.jpg 1w, https:\/\/canadianartworks.com\/wp-content\/uploads\/2020\/02\/l_eveil_4-600x600.jpg 600w, https:\/\/canadianartworks.com\/wp-content\/uploads\/2020\/02\/l_eveil_4-100x100.jpg 100w\" sizes=\"(max-width: 300px) 100vw, 300px\">                        <\/a>\n\t\t\t\t\t<\/div>\t\t\t\t\t\t<footer class=\"footer-product\">\n                                                        \t\t\t\t\t\t<\/footer>\n\t\t\t\t\t\t\t\t\t<\/div>\n\n\t\t\t\t\n\t\t\t\t\t<div class=\"text-center product-details\">\t\t\t\t\t\t\t<h2 class=\"product-title\">\n\t\t\t\t\t\t\t\t<a href=\"https:\/\/canadianartworks.com\/fr\/produit\/leveil-4-8\/\">L&rsquo;&eacute;veil<\/a>\n                            <\/h2>\n\t\t\t\t\t\t\n\t<span class=\"price\"><span class=\"woocommerce-Price-amount amount\"><bdi><span class=\"woocommerce-Price-currencySymbol\">$<\/span>4,000.00<\/bdi><\/span><\/span>\n\n\t\t\t\t\t\t\t<span id=\"woocommerce_loop_add_to_cart_link_describedby_7182\" class=\"screen-reader-text\">\n\t\t\t<\/span>\n\n                        \n                                        <\/div>\n\t\t\t\t\t\t\t\t\t         \t\t<\/div><!-- .content-product -->\n\t<\/div>\n\n \t<div class=\"wishlist-disabled col-md-3 col-sm-6 col-xs-6 product-hover-slider product-view-default view-color-white arrows-hovered et_cart-on product type-product post-7173 status-publish last instock product_cat-all product_cat-hermine product_cat-sculptures product_tag-hermine has-post-thumbnail taxable shipping-taxable purchasable product-type-simple\">\n        \t\t<div class=\"content-product\">\n\t\t\t\n\t\t\t\n\t\t\t\t<div class=\"product-image-wrapper hover-effect-slider\">\n\n\t\t\t\t\t\t\t\t\t\t<p class=\"stock in-stock\" data-no-translation=\"\" data-trp-gettext=\"\">1 en inventaire<\/p><div class=\"images-slider-wrapper\">                        <a class=\"product-content-image woocommerce-LoopProduct-link woocommerce-loop-product__link\" href=\"https:\/\/canadianartworks.com\/fr\/produit\/le-supplicie\/\" data-images=\"https:\/\/canadianartworks.com\/wp-content\/uploads\/2020\/02\/le_supplicie-9-300x300.jpg;https:\/\/canadianartworks.com\/wp-content\/uploads\/2020\/02\/le_supplicie-6-300x300.jpg;https:\/\/canadianartworks.com\/wp-content\/uploads\/2020\/02\/le_supplicie-7-300x300.jpg;https:\/\/canadianartworks.com\/wp-content\/uploads\/2020\/02\/le_supplicie-8-300x300.jpg;https:\/\/canadianartworks.com\/wp-content\/uploads\/2020\/02\/le_supplicie-10-300x300.jpg;https:\/\/canadianartworks.com\/wp-content\/uploads\/2020\/02\/le_supplicie-11-300x300.jpg;https:\/\/canadianartworks.com\/wp-content\/uploads\/2020\/02\/le_supplicie-12-300x300.jpg\">\n                            <img decoding=\"async\" width=\"300\" height=\"300\" src=\"https:\/\/canadianartworks.com\/wp-content\/uploads\/2020\/02\/le_supplicie-9-300x300.jpg\" class=\"attachment-woocommerce_thumbnail size-woocommerce_thumbnail\" alt=\"Le supplici&eacute;\" srcset=\"https:\/\/canadianartworks.com\/wp-content\/uploads\/2020\/02\/le_supplicie-9-300x300.jpg 300w, https:\/\/canadianartworks.com\/wp-content\/uploads\/2020\/02\/le_supplicie-9-150x150.jpg 150w, https:\/\/canadianartworks.com\/wp-content\/uploads\/2020\/02\/le_supplicie-9-1x1.jpg 1w, https:\/\/canadianartworks.com\/wp-content\/uploads\/2020\/02\/le_supplicie-9-600x600.jpg 600w, https:\/\/canadianartworks.com\/wp-content\/uploads\/2020\/02\/le_supplicie-9-100x100.jpg 100w\" sizes=\"(max-width: 300px) 100vw, 300px\">                        <\/a>\n\t\t\t\t\t<\/div>\t\t\t\t\t\t<footer class=\"footer-product\">\n                                                        \t\t\t\t\t\t<\/footer>\n\t\t\t\t\t\t\t\t\t<\/div>\n\n\t\t\t\t\n\t\t\t\t\t<div class=\"text-center product-details\">\t\t\t\t\t\t\t<h2 class=\"product-title\">\n\t\t\t\t\t\t\t\t<a href=\"https:\/\/canadianartworks.com\/fr\/produit\/le-supplicie\/\">Le supplici&eacute;<\/a>\n                            <\/h2>\n\t\t\t\t\t\t\n\t<span class=\"price\"><span class=\"woocommerce-Price-amount amount\"><bdi><span class=\"woocommerce-Price-currencySymbol\">$<\/span>4,000.00<\/bdi><\/span><\/span>\n\n\t\t\t\t\t\t\t<span id=\"woocommerce_loop_add_to_cart_link_describedby_7173\" class=\"screen-reader-text\">\n\t\t\t<\/span>\n\n                        \n                                        <\/div>\n\t\t\t\t\t\t\t\t\t         \t\t<\/div><!-- .content-product -->\n\t<\/div>\n\n \t<div class=\"first grid-sizer wishlist-disabled col-md-3 col-sm-6 col-xs-6 product-hover-slider product-view-default view-color-white arrows-hovered et_cart-on product type-product post-7103 status-publish instock product_cat-all product_cat-hermine product_cat-sculptures product_tag-hermine has-post-thumbnail taxable shipping-taxable purchasable product-type-simple\">\n        \t\t<div class=\"content-product\">\n\t\t\t\n\t\t\t\n\t\t\t\t<div class=\"product-image-wrapper hover-effect-slider\">\n\n\t\t\t\t\t\t\t\t\t\t<p class=\"stock in-stock\" data-no-translation=\"\" data-trp-gettext=\"\">1 en inventaire<\/p><div class=\"images-slider-wrapper\">                        <a class=\"product-content-image woocommerce-LoopProduct-link woocommerce-loop-product__link\" href=\"https:\/\/canadianartworks.com\/fr\/produit\/olivier\/\" data-images=\"https:\/\/canadianartworks.com\/wp-content\/uploads\/2020\/02\/olivier-2-300x300.jpg;https:\/\/canadianartworks.com\/wp-content\/uploads\/2020\/02\/olivier-3-300x300.jpg;https:\/\/canadianartworks.com\/wp-content\/uploads\/2020\/02\/olivier-4-300x300.jpg;https:\/\/canadianartworks.com\/wp-content\/uploads\/2020\/02\/olivier-5-300x300.jpg;https:\/\/canadianartworks.com\/wp-content\/uploads\/2020\/02\/olivier-300x300.jpg\">\n                            <img decoding=\"async\" width=\"300\" height=\"300\" src=\"https:\/\/canadianartworks.com\/wp-content\/uploads\/2020\/02\/olivier-2-300x300.jpg\" class=\"attachment-woocommerce_thumbnail size-woocommerce_thumbnail\" alt=\"Olivier\" srcset=\"https:\/\/canadianartworks.com\/wp-content\/uploads\/2020\/02\/olivier-2-300x300.jpg 300w, https:\/\/canadianartworks.com\/wp-content\/uploads\/2020\/02\/olivier-2-150x150.jpg 150w, https:\/\/canadianartworks.com\/wp-content\/uploads\/2020\/02\/olivier-2-1x1.jpg 1w, https:\/\/canadianartworks.com\/wp-content\/uploads\/2020\/02\/olivier-2-600x600.jpg 600w, https:\/\/canadianartworks.com\/wp-content\/uploads\/2020\/02\/olivier-2-100x100.jpg 100w\" sizes=\"(max-width: 300px) 100vw, 300px\">                        <\/a>\n\t\t\t\t\t<\/div>\t\t\t\t\t\t<footer class=\"footer-product\">\n                                                        \t\t\t\t\t\t<\/footer>\n\t\t\t\t\t\t\t\t\t<\/div>\n\n\t\t\t\t\n\t\t\t\t\t<div class=\"text-center product-details\">\t\t\t\t\t\t\t<h2 class=\"product-title\">\n\t\t\t\t\t\t\t\t<a href=\"https:\/\/canadianartworks.com\/fr\/produit\/olivier\/\">Olivier<\/a>\n                            <\/h2>\n\t\t\t\t\t\t\n\t<span class=\"price\"><span class=\"woocommerce-Price-amount amount\"><bdi><span class=\"woocommerce-Price-currencySymbol\">$<\/span>2,800.00<\/bdi><\/span><\/span>\n\n\t\t\t\t\t\t\t<span id=\"woocommerce_loop_add_to_cart_link_describedby_7103\" class=\"screen-reader-text\">\n\t\t\t<\/span>\n\n                        \n                                        <\/div>\n\t\t\t\t\t\t\t\t\t         \t\t<\/div><!-- .content-product -->\n\t<\/div>\n\n<\/div> <!-- .row --><\/div><\/div><\/div><\/div><\/div>","protected":false},"excerpt":{"rendered":"...","protected":false},"author":1,"featured_media":0,"parent":0,"menu_order":0,"comment_status":"closed","ping_status":"closed","template":"","meta":{"footnotes":""},"class_list":["post-6519","page","type-page","status-publish","hentry"],"_links":{"self":[{"href":"https:\/\/canadianartworks.com\/fr\/wp-json\/wp\/v2\/pages\/6519","targetHints":{"allow":["GET"]}}],"collection":[{"href":"https:\/\/canadianartworks.com\/fr\/wp-json\/wp\/v2\/pages"}],"about":[{"href":"https:\/\/canadianartworks.com\/fr\/wp-json\/wp\/v2\/types\/page"}],"author":[{"embeddable":true,"href":"https:\/\/canadianartworks.com\/fr\/wp-json\/wp\/v2\/users\/1"}],"replies":[{"embeddable":true,"href":"https:\/\/canadianartworks.com\/fr\/wp-json\/wp\/v2\/comments?post=6519"}],"version-history":[{"count":8,"href":"https:\/\/canadianartworks.com\/fr\/wp-json\/wp\/v2\/pages\/6519\/revisions"}],"predecessor-version":[{"id":6555,"href":"https:\/\/canadianartworks.com\/fr\/wp-json\/wp\/v2\/pages\/6519\/revisions\/6555"}],"wp:attachment":[{"href":"https:\/\/canadianartworks.com\/fr\/wp-json\/wp\/v2\/media?parent=6519"}],"curies":[{"name":"wp","href":"https:\/\/api.w.org\/{rel}","templated":true}]}}