{"id":6612,"date":"2020-01-15T02:35:29","date_gmt":"2020-01-15T07:35:29","guid":{"rendered":"https:\/\/canadianartworks.com\/?page_id=6612"},"modified":"2020-01-15T02:35:29","modified_gmt":"2020-01-15T07:35:29","slug":"test","status":"publish","type":"page","link":"https:\/\/canadianartworks.com\/fr\/test\/","title":{"rendered":"test"},"content":{"rendered":"<div class=\"vc_row wpb_row vc_row-fluid et_custom_uniqid_69f5bd81b468a mpc-row\"><div class=\"wpb_column vc_column_container vc_col-sm-12 et_custom_uniqid_69f5bd81b465f mpc-column\" data-column-id=\"mpc_column-3169f5bd847478f\"><div class=\"vc_column-inner\"><div class=\"wpb_wrapper\">\n\t\t\t<!-- START Jewellery REVOLUTION SLIDER 6.2.23 --><p class=\"rs-p-wp-fix\"><\/p>\n\t\t\t<rs-module-wrap id=\"rev_slider_1_1_wrapper\" data-source=\"gallery\" style=\"background:transparent;padding:0;margin:0px auto;margin-top:0;margin-bottom:0;max-width:;\">\n\t\t\t\t<rs-module id=\"rev_slider_1_1\" style=\"\" data-version=\"6.2.23\">\n\t\t\t\t\t<rs-slides>\n\t\t\t\t\t\t<rs-slide data-key=\"rs-1\" data-title=\"Slide\" data-thumb=\"\/\/lartzoomeur.com\/bijoux\/wp-content\/uploads\/revslider\/jew-slider1.jpg\" data-anim=\"ei:d;eo:d;s:600;r:0;t:fade;sl:d;\">\n\t\t\t\t\t\t\t<img decoding=\"async\" src=\"\/\/canadianartworks.com\/wp-content\/plugins\/revslider\/public\/assets\/assets\/transparent.png\" alt=\"Slide\" title=\"test\" data-bg=\"c:#000000;\" class=\"rev-slidebg\" data-no-retina>\n<!--\n\t\t\t\t\t\t\t--><rs-layer id=\"slider-1-slide-1-layer-1\" data-type=\"text\" data-color=\"rgba(192,149,120,1)||rgba(192,149,120,1)||rgba(192,149,120,1)||#bfa08d\" data-rsp_ch=\"on\" data-xy=\"xo:371px,141px,75px,44px;yo:103px,89px,76px,51px;\" data-text=\"s:18,18,18,11;l:22;fw:500,500,500,400;\" data-frame_0=\"y:-50px;tp:600;\" data-frame_1=\"tp:600;e:power4.out;st:650;sp:1500;sR:650;\" data-frame_999=\"o:0;tp:600;e:nothing;st:w;sR:3640;\" style=\"z-index:9;font-family:Roboto;text-transform:uppercase;\">Pendentifs, bracelets et bagues\n \n\t\t\t\t\t\t\t<\/rs-layer><!--\n\n\t\t\t\t\t\t\t--><a id=\"slider-1-slide-1-layer-4\" class=\"rs-layer rev-btn\" href=\"https:\/\/canadianartworks.com\/fr\/categorie-produit\/jewelry\/\" target=\"_self\" rel=\"nofollow\" data-type=\"button\" data-color=\"#050505||#050505||#050505||#000000\" data-xy=\"xo:432px,215px,143px,85px;yo:146px,145px,120px,82px;\" data-text=\"s:16,16,16,12;l:17;fw:500;\" data-rsp_bd=\"off\" data-padding=\"t:12,12,12,5;r:35,35,35,5;b:12,12,12,5;l:35,35,35,5;\" data-frame_0=\"y:50px;tp:600;\" data-frame_1=\"tp:600;e:power2.inOut;st:1110;sp:1000;sR:1110;\" data-frame_999=\"o:0;tp:600;e:nothing;st:w;sR:3650;\" data-frame_hover=\"c:#000;bgc:#fff;boc:#000;bor:0px,0px,0px,0px;bos:solid;oX:50;oY:50;\" style=\"z-index:11;background-color:#ffffff;font-family:Roboto;cursor:pointer;outline:none;box-shadow:none;box-sizing:border-box;-moz-box-sizing:border-box;-webkit-box-sizing:border-box;\">BOUTIQUE \n\t\t\t\t\t\t\t<\/a><!--\n\n\t\t\t\t\t\t\t--><rs-layer id=\"slider-1-slide-1-layer-16\" data-type=\"image\" data-rsp_ch=\"on\" data-xy=\"xo:-317px,-217px,-164px,-122px;yo:-24px,-39px,-29px,-4px;\" data-text=\"w:normal;s:20,16,12,7;l:0,20,15,9;\" data-dim=\"w:1567px,1294px,983px,606px;h:655px,540px,410px,252px;\" data-frame_999=\"o:0;st:w;sR:5500;\" style=\"z-index:8;\"><img decoding=\"async\" src=\"\/\/canadianartworks.com\/wp-content\/uploads\/2020\/01\/2-amethyst-3203771-1024x428p.jpg\" width=\"1024\" height=\"428\" data-no-retina> \n\t\t\t\t\t\t\t<\/rs-layer><!--\n\n\t\t\t\t\t\t\t--><h1 id=\"slider-1-slide-1-layer-18\" class=\"rs-layer\" data-type=\"text\" data-rsp_ch=\"on\" data-xy=\"x:c,c,c,l;xo:-104px,-222px,-164px,-3px;yo:37px,21px,13px,8px;\" data-text=\"w:normal,normal,normal,nowrap;s:48,48,48,20;l:60,60,60,36;a:center;\" data-dim=\"w:437px,437px,437px,254px;h:66px,66px,66px,auto;\" data-frame_0=\"y:-50px;tp:600;\" data-frame_1=\"tp:600;e:power2.inOut;st:660;sp:1000;sR:660;\" data-frame_999=\"o:0;tp:600;e:nothing;st:w;sR:4140;\" style=\"z-index:10;font-family:Playfair Display;\">Joaillerie pour tous \n\t\t\t\t\t\t\t<\/h1><!--\n-->\t\t\t\t\t\t<\/rs-slide>\n\t\t\t\t\t\t<rs-slide data-key=\"rs-2\" data-title=\"Slide\" data-thumb=\"\/\/canadianartworks.com\/wp-content\/uploads\/2019\/10\/fond_amonite.jpg\" data-anim=\"ei:d;eo:d;s:600;r:0;t:fade;sl:d;\">\n\t\t\t\t\t\t\t<img decoding=\"async\" src=\"\/\/canadianartworks.com\/wp-content\/plugins\/revslider\/public\/assets\/assets\/transparent.png\" alt=\"Slide\" title=\"fond_amonite\" width=\"800\" height=\"340\" data-bg=\"c:#000000;f:contain;\" class=\"rev-slidebg\" data-no-retina>\n<!--\n\t\t\t\t\t\t\t--><rs-layer id=\"slider-1-slide-2-layer-1\" data-type=\"text\" data-color=\"#bfa79a||#bfa79a||#bfa79a||rgba(192,149,120,1)\" data-rsp_ch=\"on\" data-xy=\"xo:290px,189px,159px,106px;yo:152px,116px,88px,43px;\" data-text=\"s:22,22,22,12;l:22;\" data-frame_0=\"y:-50px;tp:600;\" data-frame_1=\"tp:600;e:power4.out;st:500;sp:1500;sR:500;\" data-frame_999=\"o:0;tp:600;e:nothing;st:w;sR:4000;\" style=\"z-index:10;font-family:Roboto;text-transform:uppercase;\">et pierres du Canada\n \n\t\t\t\t\t\t\t<\/rs-layer><!--\n\n\t\t\t\t\t\t\t--><h1 id=\"slider-1-slide-2-layer-2\" class=\"rs-layer\" data-type=\"text\" data-rsp_ch=\"on\" data-xy=\"x:c,c,c,l;xo:-183px,-127px,-93px,20px;yo:11px,37px,15px,9px;\" data-text=\"w:normal,normal,normal,nowrap;s:32,34,32,20;l:60,60,60,34;a:center,center,center,left;\" data-dim=\"w:572px,675px,675px,274px;h:61px,61px,62px,auto;\" data-frame_0=\"y:-50px,-50px,-50px,-47px;tp:600;\" data-frame_1=\"x:0,0,0,0px;y:0,0,0,0px;tp:600;e:power2.inOut;st:660;sp:1000;sR:660;\" data-frame_999=\"o:0;tp:600;e:nothing;st:w;sR:4340;\" style=\"z-index:11;font-family:Playfair Display;\">Joaillerie avec pierres semi-pr\u00e9cieuses, cristaux, fossiles \n\t\t\t\t\t\t\t<\/h1><!--\n\n\t\t\t\t\t\t\t--><a id=\"slider-1-slide-2-layer-4\" class=\"rs-layer rev-btn\" href=\"https:\/\/canadianartworks.com\/fr\/categorie-produit\/jewelry\/\" target=\"_self\" rel=\"nofollow\" data-type=\"button\" data-color=\"#000000\" data-xy=\"xo:641px,524px,447px,265px;yo:116px,111px,78px,60px;\" data-text=\"s:16,16,16,12;l:17;fw:500;a:left,left,left,center;\" data-rsp_bd=\"off\" data-padding=\"t:12,12,12,5;r:35,35,35,5;b:12,12,12,5;l:35,35,35,5;\" data-frame_0=\"y:50px;tp:600;\" data-frame_1=\"tp:600;e:power2.inOut;st:1110;sp:1000;sR:1110;\" data-frame_999=\"o:0;tp:600;e:nothing;st:w;sR:3890;\" data-frame_hover=\"c:#000;bgc:#fff;boc:#000;bor:0px,0px,0px,0px;bos:solid;oX:50;oY:50;\" style=\"z-index:5;background-color:#ffffff;font-family:Roboto;cursor:pointer;outline:none;box-shadow:none;box-sizing:border-box;-moz-box-sizing:border-box;-webkit-box-sizing:border-box;\">BOUTIQUE \n\t\t\t\t\t\t\t<\/a><!--\n\n\t\t\t\t\t\t\t--><rs-layer id=\"slider-1-slide-2-layer-15\" data-type=\"image\" data-rsp_ch=\"on\" data-xy=\"xo:833px,687px,593px,365px;yo:1px,0,1px,0;\" data-text=\"w:normal;s:20,16,12,7;l:0,20,15,9;\" data-dim=\"w:250px,206px,156px,96px;h:568px,469px,356px,219px;\" data-frame_0=\"x:333px,274px,208px,128px;\" data-frame_1=\"st:1180;sp:1060;sR:1180;\" data-frame_999=\"o:0;st:w;sR:3760;\" style=\"z-index:8;\"><img decoding=\"async\" src=\"\/\/canadianartworks.com\/wp-content\/uploads\/2020\/01\/1-triangle_face.png\" width=\"440\" height=\"1000\" data-no-retina> \n\t\t\t\t\t\t\t<\/rs-layer><!--\n\n\t\t\t\t\t\t\t--><rs-layer id=\"slider-1-slide-2-layer-20\" data-type=\"image\" data-rsp_ch=\"on\" data-xy=\"xo:21px,19px,34px,19px;y:m;yo:105px,77px,67px,36px;\" data-text=\"w:normal;s:20,16,12,7;l:0,20,15,9;\" data-dim=\"w:631px,521px,395px,243px;h:374px,308px,234px,144px;\" data-frame_0=\"x:-330px,-272px,-206px,-127px;\" data-frame_1=\"st:940;sp:1010;sR:940;\" data-frame_999=\"o:0;st:w;sR:4050;\" style=\"z-index:9;\"><img decoding=\"async\" src=\"\/\/canadianartworks.com\/wp-content\/uploads\/2020\/01\/2-bracelet.png\" width=\"1200\" height=\"712\" data-no-retina> \n\t\t\t\t\t\t\t<\/rs-layer><!--\n-->\t\t\t\t\t\t<\/rs-slide>\n\t\t\t\t\t\t<rs-slide data-key=\"rs-3\" data-title=\"Slide\" data-thumb=\"\/\/lartzoomeur.com\/bijoux\/wp-content\/uploads\/revslider\/jewellery-slide3.jpg\" data-anim=\"ei:d;eo:d;s:600;r:0;t:fade;sl:d;\">\n\t\t\t\t\t\t\t<img decoding=\"async\" src=\"\/\/canadianartworks.com\/wp-content\/plugins\/revslider\/public\/assets\/assets\/transparent.png\" alt=\"Slide\" title=\"test\" data-bg=\"c:#020202;\" class=\"rev-slidebg\" data-no-retina>\n<!--\n\t\t\t\t\t\t\t--><rs-layer id=\"slider-1-slide-3-layer-2\" data-type=\"text\" data-rsp_ch=\"on\" data-xy=\"x:c,c,c,l;xo:18px,1px,-7px,24px;yo:39px,11px,12px,12px;\" data-text=\"w:normal;s:48,40,32,20;l:60,60,60,36;a:center;\" data-dim=\"w:457px,457px,623px,317px;h:124px,124px,auto,auto;\" data-frame_0=\"y:-50px;tp:600;\" data-frame_1=\"tp:600;e:power2.inOut;st:660;sp:1000;sR:660;\" data-frame_999=\"o:0;tp:600;e:nothing;st:w;sR:4340;\" style=\"z-index:11;font-family:Playfair Display;\">Sculptures r\u00e9alis\u00e9es avec des \u00e9l\u00e9ments de la Terre \n\t\t\t\t\t\t\t<\/rs-layer><!--\n\n\t\t\t\t\t\t\t--><a id=\"slider-1-slide-3-layer-4\" class=\"rs-layer rev-btn\" href=\"https:\/\/canadianartworks.com\/fr\/categorie-produit\/sculptures\/\" target=\"_self\" rel=\"nofollow\" data-type=\"button\" data-color=\"#000000\" data-xy=\"xo:539px,425px,281px,157px;yo:230px,144px,80px,52px;\" data-text=\"s:16,16,16,12;l:17;fw:500;\" data-rsp_bd=\"off\" data-padding=\"t:12,12,12,5;r:35,35,35,5;b:12,12,12,5;l:35,35,35,5;\" data-frame_0=\"y:50px;tp:600;\" data-frame_1=\"y:-1px;tp:600;e:power2.inOut;st:1110;sp:1000;sR:1110;\" data-frame_999=\"o:0;tp:600;e:nothing;st:w;sR:3890;\" data-frame_hover=\"c:#000;bgc:#fff;boc:#000;bor:0px,0px,0px,0px;bos:solid;oX:50;oY:50;\" style=\"z-index:10;background-color:#ffffff;font-family:Roboto;cursor:pointer;outline:none;box-shadow:none;box-sizing:border-box;-moz-box-sizing:border-box;-webkit-box-sizing:border-box;\">BOUTIQUE \n\t\t\t\t\t\t\t<\/a><!--\n\n\t\t\t\t\t\t\t--><rs-layer id=\"slider-1-slide-3-layer-13\" data-type=\"image\" data-rsp_ch=\"on\" data-xy=\"xo:864px,730px,581px,354px;yo:36px,11px,46px,31px;\" data-text=\"w:normal;s:20,16,12,7;l:0,20,15,9;\" data-dim=\"w:278px,229px,173px,106px;h:527px,435px,330px,201px;\" data-frame_0=\"x:300px,247px,187px,115px;\" data-frame_1=\"x:26px,21px,15px,9px;y:-13px,-10px,-7px,-4px;st:920;sp:620;sR:920;\" data-frame_999=\"o:0;st:w;sR:4460;\" style=\"z-index:9;\"><img decoding=\"async\" src=\"\/\/canadianartworks.com\/wp-content\/uploads\/2020\/01\/1-lyndaritchie_laureat2010.png\" width=\"440\" height=\"834\" data-no-retina> \n\t\t\t\t\t\t\t<\/rs-layer><!--\n\n\t\t\t\t\t\t\t--><rs-layer id=\"slider-1-slide-3-layer-14\" data-type=\"image\" data-rsp_ch=\"on\" data-xy=\"xo:48px,21px,38px,17px;yo:97px,52px,83px,71px;\" data-text=\"w:normal;s:20,16,12,7;l:0,20,15,9;\" data-dim=\"w:713px,588px,446px,240px;h:562px,464px,352px,189px;\" data-frame_0=\"x:-497px,-410px,-311px,-191px;y:-23px,-18px,-13px,-8px;\" data-frame_1=\"x:-21px,-17px,-12px,-7px;y:-61px,-50px,-37px,-22px;e:power2.in;st:750;sp:620;sR:750;\" data-frame_999=\"o:0;st:w;sR:4630;\" style=\"z-index:8;\"><img decoding=\"async\" src=\"\/\/canadianartworks.com\/wp-content\/uploads\/2020\/01\/2-lhommedechu1p.png\" width=\"1213\" height=\"956\" data-no-retina> \n\t\t\t\t\t\t\t<\/rs-layer><!--\n-->\t\t\t\t\t\t<\/rs-slide>\n\t\t\t\t\t<\/rs-slides>\n\t\t\t\t<\/rs-module>\n\t\t\t\t<script type=\"text\/javascript\">\n\t\t\t\t\tsetREVStartSize({c: 'rev_slider_1_1',rl:[1240,1024,778,480],el:[600,460,400,250],gw:[1240,1024,778,480],gh:[600,460,400,250],type:'standard',justify:'',layout:'fullwidth',mh:\"0\"});\n\t\t\t\t\tvar\trevapi1,\n\t\t\t\t\t\ttpj;\n\t\t\t\t\tfunction revinit_revslider11() {\n\t\t\t\t\tjQuery(function() {\n\t\t\t\t\t\ttpj = jQuery;\n\t\t\t\t\t\trevapi1 = tpj(\"#rev_slider_1_1\");\n\t\t\t\t\t\tif(revapi1==undefined || revapi1.revolution == undefined){\n\t\t\t\t\t\t\trevslider_showDoubleJqueryError(\"rev_slider_1_1\");\n\t\t\t\t\t\t}else{\n\t\t\t\t\t\t\trevapi1.revolution({\n\t\t\t\t\t\t\t\tduration:\"6000ms\",\n\t\t\t\t\t\t\t\tvisibilityLevels:\"1240,1024,778,480\",\n\t\t\t\t\t\t\t\tgridwidth:\"1240,1024,778,480\",\n\t\t\t\t\t\t\t\tgridheight:\"600,460,400,250\",\n\t\t\t\t\t\t\t\tspinner:\"spinner0\",\n\t\t\t\t\t\t\t\tperspectiveType:\"local\",\n\t\t\t\t\t\t\t\teditorheight:\"600,460,400,250\",\n\t\t\t\t\t\t\t\tresponsiveLevels:\"1240,1024,778,480\",\n\t\t\t\t\t\t\t\tprogressBar:{disableProgressBar:true},\n\t\t\t\t\t\t\t\tnavigation: {\n\t\t\t\t\t\t\t\t\tmouseScrollNavigation:false,\n\t\t\t\t\t\t\t\t\tonHoverStop:false,\n\t\t\t\t\t\t\t\t\ttouch: {\n\t\t\t\t\t\t\t\t\t\ttouchenabled:true\n\t\t\t\t\t\t\t\t\t},\n\t\t\t\t\t\t\t\t\tarrows: {\n\t\t\t\t\t\t\t\t\t\tenable:true,\n\t\t\t\t\t\t\t\t\t\tstyle:\"uranus-1\",\n\t\t\t\t\t\t\t\t\t\thide_onleave:true,\n\t\t\t\t\t\t\t\t\t\tleft: {\n\t\t\t\t\t\t\t\t\t\t\tv_offset:-150\n\t\t\t\t\t\t\t\t\t\t},\n\t\t\t\t\t\t\t\t\t\tright: {\n\t\t\t\t\t\t\t\t\t\t\tv_offset:-150\n\t\t\t\t\t\t\t\t\t\t}\n\t\t\t\t\t\t\t\t\t}\n\t\t\t\t\t\t\t\t},\n\t\t\t\t\t\t\t\tfallbacks: {\n\t\t\t\t\t\t\t\t\tallowHTML5AutoPlayOnAndroid:true\n\t\t\t\t\t\t\t\t},\n\t\t\t\t\t\t\t});\n\t\t\t\t\t\t}\n\t\t\t\t\t\t\n\t\t\t\t\t});\n\t\t\t\t\t} \/\/ End of RevInitScript\n\t\t\t\tvar once_revslider11 = false;\n\t\t\t\tif (document.readyState === \"loading\") {document.addEventListener('readystatechange',function() { if((document.readyState === \"interactive\" || document.readyState === \"complete\") && !once_revslider11 ) { once_revslider11 = true; revinit_revslider11();}});} else {once_revslider11 = true; revinit_revslider11();}\n\t\t\t\t<\/script>\n\t\t\t\t<script>\n\t\t\t\t\tvar htmlDivCss = unescape(\"%23rev_slider_1_1_wrapper%20.uranus-1.tparrows%20%7B%0A%20%20width%3A50px%3B%0A%20%20height%3A50px%3B%0A%20%20background%3Argba%28rgba%28255%2C255%2C255%2C0%29%29%3B%0A%20%7D%0A%20%23rev_slider_1_1_wrapper%20.uranus-1.tparrows%3Abefore%20%7B%0A%20width%3A50px%3B%0A%20height%3A50px%3B%0A%20line-height%3A50px%3B%0A%20font-size%3A40px%3B%0A%20transition%3Aall%200.3s%3B%0A-webkit-transition%3Aall%200.3s%3B%0Acolor%3A%23c09578%3B%0A%20%7D%0A%20%0A%20%20%23rev_slider_1_1_wrapper%20.uranus-1.tparrows%3Ahover%3Abefore%20%7B%0A%20%20%20%20opacity%3A0.75%3B%0A%20%20%7D%0A\");\n\t\t\t\t\tvar htmlDiv = document.getElementById('rs-plugin-settings-inline-css');\n\t\t\t\t\tif(htmlDiv) {\n\t\t\t\t\t\thtmlDiv.innerHTML = htmlDiv.innerHTML + htmlDivCss;\n\t\t\t\t\t}else{\n\t\t\t\t\t\tvar htmlDiv = document.createElement('div');\n\t\t\t\t\t\thtmlDiv.innerHTML = '<style>' + htmlDivCss + '<\/style>';\n\t\t\t\t\t\tdocument.getElementsByTagName('head')[0].appendChild(htmlDiv.childNodes[0]);\n\t\t\t\t\t}\n\t\t\t\t<\/script>\n\t\t\t\t<script>\n\t\t\t\t\tvar htmlDivCss = unescape(\"%0A%0A%0A\");\n\t\t\t\t\tvar htmlDiv = document.getElementById('rs-plugin-settings-inline-css');\n\t\t\t\t\tif(htmlDiv) {\n\t\t\t\t\t\thtmlDiv.innerHTML = htmlDiv.innerHTML + htmlDivCss;\n\t\t\t\t\t}else{\n\t\t\t\t\t\tvar htmlDiv = document.createElement('div');\n\t\t\t\t\t\thtmlDiv.innerHTML = '<style>' + htmlDivCss + '<\/style>';\n\t\t\t\t\t\tdocument.getElementsByTagName('head')[0].appendChild(htmlDiv.childNodes[0]);\n\t\t\t\t\t}\n\t\t\t\t<\/script>\n\t\t\t<\/rs-module-wrap>\n\t\t\t<!-- END REVOLUTION SLIDER -->\n<\/div><\/div><\/div><\/div>","protected":false},"excerpt":{"rendered":"...","protected":false},"author":1,"featured_media":0,"parent":0,"menu_order":0,"comment_status":"closed","ping_status":"closed","template":"","meta":{"footnotes":""},"class_list":["post-6612","page","type-page","status-publish","hentry"],"_links":{"self":[{"href":"https:\/\/canadianartworks.com\/fr\/wp-json\/wp\/v2\/pages\/6612","targetHints":{"allow":["GET"]}}],"collection":[{"href":"https:\/\/canadianartworks.com\/fr\/wp-json\/wp\/v2\/pages"}],"about":[{"href":"https:\/\/canadianartworks.com\/fr\/wp-json\/wp\/v2\/types\/page"}],"author":[{"embeddable":true,"href":"https:\/\/canadianartworks.com\/fr\/wp-json\/wp\/v2\/users\/1"}],"replies":[{"embeddable":true,"href":"https:\/\/canadianartworks.com\/fr\/wp-json\/wp\/v2\/comments?post=6612"}],"version-history":[{"count":1,"href":"https:\/\/canadianartworks.com\/fr\/wp-json\/wp\/v2\/pages\/6612\/revisions"}],"predecessor-version":[{"id":6613,"href":"https:\/\/canadianartworks.com\/fr\/wp-json\/wp\/v2\/pages\/6612\/revisions\/6613"}],"wp:attachment":[{"href":"https:\/\/canadianartworks.com\/fr\/wp-json\/wp\/v2\/media?parent=6612"}],"curies":[{"name":"wp","href":"https:\/\/api.w.org\/{rel}","templated":true}]}}