{"id":7141,"date":"2020-02-07T12:45:45","date_gmt":"2020-02-07T17:45:45","guid":{"rendered":"https:\/\/canadianartworks.com\/?post_type=product&#038;p=7141"},"modified":"2020-03-28T19:26:53","modified_gmt":"2020-03-28T23:26:53","slug":"aimee","status":"publish","type":"product","link":"https:\/\/canadianartworks.com\/fr\/produit\/aimee\/","title":{"rendered":"Aim\u00e9e"},"content":{"rendered":"","protected":false},"excerpt":{"rendered":"<p>Artiste: <a href=\"https:\/\/canadianartworks.com\/fr\/hermine-sculptures\/\" target=\"_blank\" rel=\"noopener noreferrer\"><strong>HERMINE<\/strong><\/a><br \/>\nMat\u00e9riel: <strong>Bronze, tige de fer, base en bois; essence de ch\u00eane faite par un artisan de Charlevoix<\/strong><br \/>\nOrigine: <strong>Ch\u00eane de Charlevoix, propri\u00e9t\u00e9 priv\u00e9e\u00a0<\/strong><br \/>\nFini: <strong>Patin\u00e9 et poli<\/strong><br \/>\nTechnique: <b>Cire perdue<\/b><br \/>\nPoids de la sculpture = <strong>15 livres<\/strong><br \/>\nDimension (hauteur x largeur x profondeur) = <strong>30 cm H x 15 cm L x 18 cm P<\/strong><br \/>\nPi\u00e8ce num\u00e9rot\u00e9e: <strong>5\/8<\/strong><br \/>\nSignature de l'artiste: <strong>Bas, c\u00f4t\u00e9 gauche<\/strong><br \/>\nSignature de la Fonderie de Inverness: <strong>Bas, c\u00f4t\u00e9 gauche<\/strong><br \/>\n<strong>Certificat d'authenticit\u00e9, 1998<\/strong><\/p>\n[button et_class=\"\" target=\"_blank\" style=\"medium\" url=\"mailto:herminart@gmail.com?subject=Renseignements sculpture Aimee 5\/8\" icon=\"\" title=\"For buying, please contact the artist\"]","protected":false},"featured_media":7142,"template":"","meta":[],"etheme_brands":[],"product_brand":[],"product_cat":[15,97,95],"product_tag":[106],"class_list":{"0":"post-7141","1":"product","2":"type-product","3":"status-publish","4":"has-post-thumbnail","6":"product_cat-all","7":"product_cat-hermine","8":"product_cat-sculptures","9":"product_tag-hermine","11":"first","12":"instock","13":"taxable","14":"shipping-taxable","15":"purchasable","16":"product-type-simple"},"_links":{"self":[{"href":"https:\/\/canadianartworks.com\/fr\/wp-json\/wp\/v2\/product\/7141","targetHints":{"allow":["GET"]}}],"collection":[{"href":"https:\/\/canadianartworks.com\/fr\/wp-json\/wp\/v2\/product"}],"about":[{"href":"https:\/\/canadianartworks.com\/fr\/wp-json\/wp\/v2\/types\/product"}],"wp:featuredmedia":[{"embeddable":true,"href":"https:\/\/canadianartworks.com\/fr\/wp-json\/wp\/v2\/media\/7142"}],"wp:attachment":[{"href":"https:\/\/canadianartworks.com\/fr\/wp-json\/wp\/v2\/media?parent=7141"}],"wp:term":[{"taxonomy":"brand","embeddable":true,"href":"https:\/\/canadianartworks.com\/fr\/wp-json\/wp\/v2\/etheme_brands?post=7141"},{"taxonomy":"product_brand","embeddable":true,"href":"https:\/\/canadianartworks.com\/fr\/wp-json\/wp\/v2\/product_brand?post=7141"},{"taxonomy":"product_cat","embeddable":true,"href":"https:\/\/canadianartworks.com\/fr\/wp-json\/wp\/v2\/product_cat?post=7141"},{"taxonomy":"product_tag","embeddable":true,"href":"https:\/\/canadianartworks.com\/fr\/wp-json\/wp\/v2\/product_tag?post=7141"}],"curies":[{"name":"wp","href":"https:\/\/api.w.org\/{rel}","templated":true}]}}